{"id":15,"date":"2024-11-25T15:33:28","date_gmt":"2024-11-25T14:33:28","guid":{"rendered":"http:\/\/arteva.org\/?page_id=15"},"modified":"2025-01-23T07:52:51","modified_gmt":"2025-01-23T06:52:51","slug":"cafe-des-negociants","status":"publish","type":"page","link":"https:\/\/arteva.org\/index.php\/cafe-des-negociants\/","title":{"rendered":"Caf\u00e9 des N\u00e9gociants\u00a0"},"content":{"rendered":"\n<figure class=\"wp-block-image size-full\"><img loading=\"lazy\" decoding=\"async\" width=\"83\" height=\"20\" src=\"https:\/\/arteva.org\/wp-content\/uploads\/2024\/11\/event_arteva.gif\" alt=\"\" class=\"wp-image-8\"\/><\/figure>\n\n\n\n<p>\u201cL\u2019Espace d\u2019art contemporain &#8211; Caf\u00e9 des n\u00e9gociants\u201d<\/p>\n\n\n\n<p>De l\u2019ancien \u201cCaf\u00e9 des n\u00e9gociants\u201d de Rez\u00e9, \u00e0 la limite sud de Nantes, il ne reste que la fa\u00e7ade et le nom.<br>Totalement r\u00e9am\u00e9nag\u00e9 fin 2011, cet \u201cEspace d\u2019art contemporain\u201d accueille, dans quatre salles, des \u00e9v\u00e8nements et expositions artistiques.<br>G\u00e9r\u00e9 sous forme associative en partenariat avec ARTEVA, il se propose de faire d\u00e9couvrir et promouvoir des artistes et plasticiens de la r\u00e9gion<br>et d\u2019ailleurs.<\/p>\n\n\n\n<p>ARTEVA est anim\u00e9e par H\u00e9l\u00e8ne et Dominique Poisot, ses fondateurs. Partageant le m\u00eame int\u00e9r\u00eat pour les arts et les artistes, ils con\u00e7oivent et r\u00e9alisent ensemble tous les \u00e9v\u00e8nements organis\u00e9s par ARTEVA.<\/p>\n\n\n\n<p>Leurs parcours respectifs leur conf\u00e8rent des comp\u00e9tences parfaitement compl\u00e9mentaires : H\u00e9l\u00e8ne assure principalement la partie artistique et le contact avec les artistes ; Dominique se charge de la partie administrative et logistique.<\/p>\n\n\n\n<p>Sensibilis\u00e9e aux beaux-arts d\u00e8s son enfance, de la culture fran\u00e7aise \u00e0 l&rsquo;\u00e9tranger \u00e0 celle des Monuments historiques \u00e0 Paris, consultante en projets culturels, puis D\u00e9l\u00e9gu\u00e9e g\u00e9n\u00e9rale de Riopelle Art International, H\u00e9l\u00e8ne assure aujourd&rsquo;hui la pr\u00e9sidence d&rsquo;ARTEVA.<\/p>\n\n\n\n<p>Juriste, dirigeant d&rsquo;entreprises (en France et \u00e0 l&rsquo;\u00e9tranger) et consultant, Dominique a \u00e9galement exerc\u00e9 comme expert judiciaire, tout en portant une attention particuli\u00e8re \u00e0 la musique, la po\u00e9sie et la peinture.<\/p>\n\n\n\n<p><strong>Archives :<br>2016 &#8211; 2017<br>2014 &#8211; 2015<br>2011 &#8211; 2013<\/strong><br>\u00ab\u00a0Ambiance 2017\u00a0\u00bb Du jeudi 30 novembre au dimanche 17 d\u00e9cembre 2017 \u00ab\u00a0Profondeurs en surface\u00a0\u00bb Du jeudi 9 au dimanche 19 novembre 2017 &#8211;<br>\u00ab\u00a0Le vol perp\u00e9tuel\u00a0\u00bb Du jeudi 5 au dimanche 22 octobre 2017 &#8211;<br>\u00ab\u00a0re(s)source\u00a0\u00bb Du jeudi 14 au dimanche 24 septembre 2017 &#8211;<br>\u00ab\u00a0Sans pr\u00e9c\u00e9dent\u00a0\u00bb Du jeuid 11 au dimanche 21 mai 2017 &#8211;<br>\u00ab\u00a0En toute intimit\u00e9\u00a0\u00bb Du jeudi 6 au dimanche 9 avril 2017 &#8211;<br>La Nuit des Galeries 2017 Jeudi 6 avril<br>\u00ab\u00a0Regard sur la gravure\u00a0\u00bb Du jeudi 16 mars au dimanche 26 mars 2017.<br>\u00ab\u00a0Sur paroles\u2026\u00a0\u00bb Du jeudi 23 f\u00e9vrier au dimanche 5 mars 2017<br>\u00ab\u00a0Jean-Yves Bocher &amp; Bruno Guiheneuf\u00a0\u00bb Du jeudi 12 au dimanche 22 janvier 2017 &#8211;<br>Causerie avec les artistes Jean-Pierre Br\u00e9chet et Philippe Le Ray Samedi 19 novembre \u00e0 18h. R\u00e9servation recommand\u00e9e<br>\u00ab\u00a0Ambiance 2016\u00a0\u00bb Du jeudi 1er au dimanche 18 d\u00e9cembre 2016 &#8211;<br>\u00ab\u00a0Jean-Pierre Br\u00e9chet &amp; Philippe Le Ray\u00a0\u00bb, peinture et sculpture Dujeudi 10 au dimanche 20 novembre 2016 &#8211;<br>\u00ab\u00a0Alternances\u00a0\u00bb, Feu vert \u00e0 la Galerie Arts Raden Du jeudi 27 au dimanche 30 octobre 2016 &#8211;<br>\u00ab\u00a0Pr\u00e9sence de l&rsquo;art construit\u00a0\u00bb Du jeudi 8 au dimanche 25 septembre 2016 &#8211;<br>\u00ab\u00a0La nuit, tous les chats sont gris\u00a0\u00bb Du jeudi 21 au dimanche 24 avril 2016 &#8211;<br>\u00ab\u00a0Point de rencontre\u00a0\u00bb Du jeudi 24 mars au dimanche 10 avril 2016.<br>\u00ab\u00a0Entre les lignes\u00a0\u00bb Du jeudi 3 au dimanche 13 mars 2016 &#8211;<br>\u00ab\u00a0THOIRAIN\u00a0\u00bb. Huile, toiles et papiers Du jeudi 4 au dimanche 21 f\u00e9vrier 2016 &#8211;<br>\u00ab\u00a0Lecture \u00e0 deux voix\u00a0\u00bb Samedi 20 f\u00e9vrier 2016 \u00e0 19h<br>\u00ab\u00a0Au pied du mur, ambiance\u00a0\u00bb Du jeudi 3 au dimanche 13 d\u00e9cembre 2015<br>Jean Kiras : \u00ab\u00a0In memoriam, les corps de Pomp\u00e9i\u00a0\u00bb,suite de peintures, dessins et sculptures Du jeudi 5 au dimanche 22 novembre 2015<br>\u00ab\u00a0Feu vert \u00e0 Jean Fradin\u00a0\u00bb Du jeudi 22 au dimanche 25 octobre 2015.<br>\u00ab\u00a0To Night\u00a0\u00bb Du jeudi 10 au dimanche 20 septembre 2015 &#8211;<br>\u00ab\u00a0Sans gravit\u00e9\u00a0\u00bb Du jeudi 2 au dimanche 12 avril 2015 &#8211;<br>\u00ab\u00a0Dominique CHANTREAU\u00a0\u00bb, peintures, aquarelles et dessins Du jeudi 12 au dimanche 22 mars 2015 &#8211;<br>\u00ab\u00a0Impalpables volumes\u00a0\u00bb Du jeudi 19 f\u00e9vrier au dimanche 1er mars 2015 &#8211;<br>\u00ab\u00a0L&rsquo;unit\u00e9 des contraires\u00a0\u00bb Du jeudi 29 janvier au dimanche 8 f\u00e9vrier 2015<br>\u00ab\u00a0Six \u00e9l\u00e9ments\u00a0\u00bb Du jeudi 8 au dimanche 18 janvier 2015.<br>\u00ab\u00a0La vie en rose\u00a0\u00bb Du jeudi 27 novembre au dimanche 14 d\u00e9cembre &#8211;<br>\u00ab\u00a0Univers m\u00eal\u00e9s\u00a0\u00bb Du jeudi 6 au dimanche 16 novembre 2014 &#8211;<br>\u00ab\u00a0Mots de passe\u00a0\u00bb Du jeudi 16 au dimanche 26 octobre 2014 &#8211;<br>\u00ab\u00a0A deux voies : Jeannette et Jean Branchet\u00a0\u00bb Du jeudi 4 au dimanche 14 septembre 2014 &#8211;<br>Rencontre avec Jeannette et Jean Branchet Samedi 13 septembre \u00e0 partir de 17h<br>Roland LE CLANCHE-DESPREZ, peintures Du jeudi 17 avril au dimanche 4 mai 2014.<br>\u00ab\u00a0Trait pour traits\u00a0\u00bb, Chantal ATELIN Du jeudi 27 mars au dimanche 6 avril 2014.<br>\u00ab\u00a0Tous les chats sont gris\u00a0\u00bb Du jeudi 13 au dimanche 16 mars 2014<br>\u00ab\u00a0Jorj Morin, peintures, aquarelles, dessins, tapisseries\u00a0\u00bb Du jeudi 20 f\u00e9vrier au dimanche 2 mars 2014 &#8211;<br>Expo Floc&rsquo;h, Giraud, Gunst, Painchault, Raoult et Rautenstrauch Du jeudi 30 janvier au dimanche 9 f\u00e9vrier 2014 &#8211;<br>\u00ab\u00a0Ambiance ! \u2026et chambre \u00e0 part\u00a0\u00bb Du jeudi 21 novembre au dimanche 15 d\u00e9cembre 2013<br>\u00ab\u00a0Convergences\u00a0\u00bb Edward BARAN, Ryc&rsquo;ho SWIERAD Du jeudi 10 au dimanche 20 octobre 2013<br>JACQUES RAOULT, bronzes et dessins Du jeudi 19 au dimanche 29 septembre 2013<br>FEU VERT \u00e0 Monique et Patrice MASSEBOEUF Du jeudi 5 au dimanche 8 septembre 2013 &#8211;<br>&#8212;&#8212;&#8212;&#8212;&#8212;&#8212;&#8212;&#8212;&#8212;&#8212;&#8212;&#8212;&#8212;&#8212;&#8212;&#8212;&#8212;&#8212;<br>L&rsquo;Art prend l&rsquo;air au Caf\u00e9 des N\u00e9gociants Du samedi 18 au dimanche 19 mai 2013 &#8211;<br><a href=\"https:\/\/arteva.org\/wp-content\/uploads\/2025\/01\/12Cbis-LART-PREND-LAIR-au-Cafe-des-Negociants-18-19-mai-2013.pdf\" target=\"_blank\" rel=\"noreferrer noopener\">T\u00e9l\u00e9charger le catalogue<\/a><br>&#8212;&#8212;&#8212;&#8212;&#8212;&#8212;&#8212;&#8212;&#8212;&#8212;&#8212;&#8212;&#8212;&#8212;&#8212;&#8212;&#8212;&#8212;<br>Carlos CIRIZA : \u00ab\u00a0Mati\u00e8re et forme : concepts compl\u00e9mentaires dans l&rsquo;am\u00e9nagement de l&rsquo;espace\u00a0\u00bb Du jeudi 11 au dimanche 28 avril 2013 &#8211;<br>REGARDS CROISES Du jeudi 21 au dimanche 31 mars 2013<br>Hubert PARESSANT : \u00ab\u00a0Dit et Non-dit\u00a0\u00bb, peintures Du jeudi 14 au dimanche 24 f\u00e9vrier 2013 &#8211;<br>\u00ab\u00a0Jean-Jacques PIGEON : V\u00e9g\u00e9tal\u00a0\u00bb Du jeudi 6 au dimanche 16 d\u00e9cembre 2012 &#8211;<br>Jean-Paul FRIOL : \u00ab\u00a0Vous n&rsquo;avez pas tout vu\u2026\u00a0\u00bb Du jeudi 22 novembre au dimanche 2 d\u00e9cembre 2012 &#8211;<br>\u00ab\u00a0ELEMENTS ET PAYSAGES\u00a0\u00bb Du jeudi 11 au dimanche 21 octobre 2012<br>\u00ab\u00a0MATIERES ET FORMES PREMIERES\u00a0\u00bb (Bertrand BRACAVAL) Du jeudi 20 au dimanche 30 septembre 2012<br>\u00ab\u00a0FEU VERT \u00e0\u2026 \u00a0\u00bb : Fran\u00e7ois FIXOT Du jeudi 6 au dimanche 9 septembre<br>\u00ab\u00a0FACONS DE VOIR \/ MANIERES DE FAIRE\u00a0\u00bb 1- S\u00e9rigraphie \/ pochoir Du jeudi 24 mai au dimanche 3 juin &#8211;<br>\u00ab\u00a04 PIECES FACILES\u00a0\u00bb du 26 avril au 6 mai 2012 &#8211;<br>\u00ab\u00a0RYTHMES ET COULEURS\u00a0\u00bb Du jeudi 5 au dimanche 15 avril 2012 &#8211;<br>TOUS LES CHATS SONT GRIS Du jeudi 8 au dimanche 11 mars 2012 &#8211;<br>\u00ab\u00a0A DEUX VOIES\u2026\u00a0\u00bb : Ariane Clair et Gratas Du 16 au 26 f\u00e9vrier 2012 &#8211;<br>\u00ab\u00a0L&rsquo;ESPRIT DU PIXEL\u00a0\u00bb Du 26 janvier au 5 f\u00e9vrier 2012<br>AMBIANCE Du 8 au 23 d\u00e9cembre 2011<br>INAUGURALE du Caf\u00e9 des N\u00e9gociants \u00e0 Rez\u00e9 du 17 au 27 novembre 2011<\/p>\n\n\n\n<p><\/p>\n\n\n\n<p><\/p>\n","protected":false},"excerpt":{"rendered":"<p>\u201cL\u2019Espace d\u2019art contemporain &#8211; Caf\u00e9 des n\u00e9gociants\u201d De l\u2019ancien \u201cCaf\u00e9 des n\u00e9gociants\u201d de Rez\u00e9, \u00e0 la limite sud de Nantes, il ne reste que la fa\u00e7ade et le nom.Totalement r\u00e9am\u00e9nag\u00e9 fin 2011, cet \u201cEspace d\u2019art contemporain\u201d accueille, dans quatre salles, des \u00e9v\u00e8nements et expositions artistiques.G\u00e9r\u00e9 sous forme associative en partenariat avec ARTEVA, il se propose [&hellip;]<\/p>\n","protected":false},"author":1,"featured_media":0,"parent":0,"menu_order":0,"comment_status":"closed","ping_status":"closed","template":"","meta":{"footnotes":""},"class_list":["post-15","page","type-page","status-publish","hentry"],"yoast_head":"<!-- This site is optimized with the Yoast SEO plugin v27.1.1 - https:\/\/yoast.com\/product\/yoast-seo-wordpress\/ -->\n<title>Caf\u00e9 des N\u00e9gociants\u00a0 - ARTEVA<\/title>\n<meta name=\"description\" content=\"L\u2019Espace d\u2019art contemporain \u2013 Caf\u00e9 des n\u00e9gociants\" \/>\n<meta name=\"robots\" content=\"index, follow, max-snippet:-1, max-image-preview:large, max-video-preview:-1\" \/>\n<link rel=\"canonical\" href=\"https:\/\/arteva.org\/index.php\/cafe-des-negociants\/\" \/>\n<meta property=\"og:locale\" content=\"fr_FR\" \/>\n<meta property=\"og:type\" content=\"article\" \/>\n<meta property=\"og:title\" content=\"Caf\u00e9 des N\u00e9gociants\u00a0 - ARTEVA\" \/>\n<meta property=\"og:description\" content=\"L\u2019Espace d\u2019art contemporain \u2013 Caf\u00e9 des n\u00e9gociants\" \/>\n<meta property=\"og:url\" content=\"https:\/\/arteva.org\/index.php\/cafe-des-negociants\/\" \/>\n<meta property=\"og:site_name\" content=\"ARTEVA\" \/>\n<meta property=\"article:modified_time\" content=\"2025-01-23T06:52:51+00:00\" \/>\n<meta property=\"og:image\" content=\"http:\/\/arteva.org\/wp-content\/uploads\/2024\/11\/event_arteva.gif\" \/>\n<meta name=\"twitter:card\" content=\"summary_large_image\" \/>\n<meta name=\"twitter:label1\" content=\"Dur\u00e9e de lecture estim\u00e9e\" \/>\n\t<meta name=\"twitter:data1\" content=\"6 minutes\" \/>\n<script type=\"application\/ld+json\" class=\"yoast-schema-graph\">{\"@context\":\"https:\/\/schema.org\",\"@graph\":[{\"@type\":\"WebPage\",\"@id\":\"https:\/\/arteva.org\/index.php\/cafe-des-negociants\/\",\"url\":\"https:\/\/arteva.org\/index.php\/cafe-des-negociants\/\",\"name\":\"Caf\u00e9 des N\u00e9gociants\u00a0 - ARTEVA\",\"isPartOf\":{\"@id\":\"https:\/\/arteva.org\/#website\"},\"primaryImageOfPage\":{\"@id\":\"https:\/\/arteva.org\/index.php\/cafe-des-negociants\/#primaryimage\"},\"image\":{\"@id\":\"https:\/\/arteva.org\/index.php\/cafe-des-negociants\/#primaryimage\"},\"thumbnailUrl\":\"http:\/\/arteva.org\/wp-content\/uploads\/2024\/11\/event_arteva.gif\",\"datePublished\":\"2024-11-25T14:33:28+00:00\",\"dateModified\":\"2025-01-23T06:52:51+00:00\",\"description\":\"L\u2019Espace d\u2019art contemporain \u2013 Caf\u00e9 des n\u00e9gociants\",\"breadcrumb\":{\"@id\":\"https:\/\/arteva.org\/index.php\/cafe-des-negociants\/#breadcrumb\"},\"inLanguage\":\"fr-FR\",\"potentialAction\":[{\"@type\":\"ReadAction\",\"target\":[\"https:\/\/arteva.org\/index.php\/cafe-des-negociants\/\"]}]},{\"@type\":\"ImageObject\",\"inLanguage\":\"fr-FR\",\"@id\":\"https:\/\/arteva.org\/index.php\/cafe-des-negociants\/#primaryimage\",\"url\":\"https:\/\/arteva.org\/wp-content\/uploads\/2024\/11\/event_arteva.gif\",\"contentUrl\":\"https:\/\/arteva.org\/wp-content\/uploads\/2024\/11\/event_arteva.gif\",\"width\":83,\"height\":20},{\"@type\":\"BreadcrumbList\",\"@id\":\"https:\/\/arteva.org\/index.php\/cafe-des-negociants\/#breadcrumb\",\"itemListElement\":[{\"@type\":\"ListItem\",\"position\":1,\"name\":\"Accueil\",\"item\":\"https:\/\/arteva.org\/\"},{\"@type\":\"ListItem\",\"position\":2,\"name\":\"Caf\u00e9 des N\u00e9gociants\u00a0\"}]},{\"@type\":\"WebSite\",\"@id\":\"https:\/\/arteva.org\/#website\",\"url\":\"https:\/\/arteva.org\/\",\"name\":\"ARTEVA\",\"description\":\"Bienvenue sur le site ARTEVA : cr\u00e9ateur d&#039;\u00e9v\u00e9nements artistiques\",\"publisher\":{\"@id\":\"https:\/\/arteva.org\/#organization\"},\"potentialAction\":[{\"@type\":\"SearchAction\",\"target\":{\"@type\":\"EntryPoint\",\"urlTemplate\":\"https:\/\/arteva.org\/?s={search_term_string}\"},\"query-input\":{\"@type\":\"PropertyValueSpecification\",\"valueRequired\":true,\"valueName\":\"search_term_string\"}}],\"inLanguage\":\"fr-FR\"},{\"@type\":\"Organization\",\"@id\":\"https:\/\/arteva.org\/#organization\",\"name\":\"ARTEVA\",\"url\":\"https:\/\/arteva.org\/\",\"logo\":{\"@type\":\"ImageObject\",\"inLanguage\":\"fr-FR\",\"@id\":\"https:\/\/arteva.org\/#\/schema\/logo\/image\/\",\"url\":\"http:\/\/arteva.org\/wp-content\/uploads\/2024\/11\/event_arteva.gif\",\"contentUrl\":\"http:\/\/arteva.org\/wp-content\/uploads\/2024\/11\/event_arteva.gif\",\"width\":83,\"height\":20,\"caption\":\"ARTEVA\"},\"image\":{\"@id\":\"https:\/\/arteva.org\/#\/schema\/logo\/image\/\"}}]}<\/script>\n<!-- \/ Yoast SEO plugin. -->","yoast_head_json":{"title":"Caf\u00e9 des N\u00e9gociants\u00a0 - ARTEVA","description":"L\u2019Espace d\u2019art contemporain \u2013 Caf\u00e9 des n\u00e9gociants","robots":{"index":"index","follow":"follow","max-snippet":"max-snippet:-1","max-image-preview":"max-image-preview:large","max-video-preview":"max-video-preview:-1"},"canonical":"https:\/\/arteva.org\/index.php\/cafe-des-negociants\/","og_locale":"fr_FR","og_type":"article","og_title":"Caf\u00e9 des N\u00e9gociants\u00a0 - ARTEVA","og_description":"L\u2019Espace d\u2019art contemporain \u2013 Caf\u00e9 des n\u00e9gociants","og_url":"https:\/\/arteva.org\/index.php\/cafe-des-negociants\/","og_site_name":"ARTEVA","article_modified_time":"2025-01-23T06:52:51+00:00","og_image":[{"url":"http:\/\/arteva.org\/wp-content\/uploads\/2024\/11\/event_arteva.gif","type":"","width":"","height":""}],"twitter_card":"summary_large_image","twitter_misc":{"Dur\u00e9e de lecture estim\u00e9e":"6 minutes"},"schema":{"@context":"https:\/\/schema.org","@graph":[{"@type":"WebPage","@id":"https:\/\/arteva.org\/index.php\/cafe-des-negociants\/","url":"https:\/\/arteva.org\/index.php\/cafe-des-negociants\/","name":"Caf\u00e9 des N\u00e9gociants\u00a0 - ARTEVA","isPartOf":{"@id":"https:\/\/arteva.org\/#website"},"primaryImageOfPage":{"@id":"https:\/\/arteva.org\/index.php\/cafe-des-negociants\/#primaryimage"},"image":{"@id":"https:\/\/arteva.org\/index.php\/cafe-des-negociants\/#primaryimage"},"thumbnailUrl":"http:\/\/arteva.org\/wp-content\/uploads\/2024\/11\/event_arteva.gif","datePublished":"2024-11-25T14:33:28+00:00","dateModified":"2025-01-23T06:52:51+00:00","description":"L\u2019Espace d\u2019art contemporain \u2013 Caf\u00e9 des n\u00e9gociants","breadcrumb":{"@id":"https:\/\/arteva.org\/index.php\/cafe-des-negociants\/#breadcrumb"},"inLanguage":"fr-FR","potentialAction":[{"@type":"ReadAction","target":["https:\/\/arteva.org\/index.php\/cafe-des-negociants\/"]}]},{"@type":"ImageObject","inLanguage":"fr-FR","@id":"https:\/\/arteva.org\/index.php\/cafe-des-negociants\/#primaryimage","url":"https:\/\/arteva.org\/wp-content\/uploads\/2024\/11\/event_arteva.gif","contentUrl":"https:\/\/arteva.org\/wp-content\/uploads\/2024\/11\/event_arteva.gif","width":83,"height":20},{"@type":"BreadcrumbList","@id":"https:\/\/arteva.org\/index.php\/cafe-des-negociants\/#breadcrumb","itemListElement":[{"@type":"ListItem","position":1,"name":"Accueil","item":"https:\/\/arteva.org\/"},{"@type":"ListItem","position":2,"name":"Caf\u00e9 des N\u00e9gociants\u00a0"}]},{"@type":"WebSite","@id":"https:\/\/arteva.org\/#website","url":"https:\/\/arteva.org\/","name":"ARTEVA","description":"Bienvenue sur le site ARTEVA : cr\u00e9ateur d&#039;\u00e9v\u00e9nements artistiques","publisher":{"@id":"https:\/\/arteva.org\/#organization"},"potentialAction":[{"@type":"SearchAction","target":{"@type":"EntryPoint","urlTemplate":"https:\/\/arteva.org\/?s={search_term_string}"},"query-input":{"@type":"PropertyValueSpecification","valueRequired":true,"valueName":"search_term_string"}}],"inLanguage":"fr-FR"},{"@type":"Organization","@id":"https:\/\/arteva.org\/#organization","name":"ARTEVA","url":"https:\/\/arteva.org\/","logo":{"@type":"ImageObject","inLanguage":"fr-FR","@id":"https:\/\/arteva.org\/#\/schema\/logo\/image\/","url":"http:\/\/arteva.org\/wp-content\/uploads\/2024\/11\/event_arteva.gif","contentUrl":"http:\/\/arteva.org\/wp-content\/uploads\/2024\/11\/event_arteva.gif","width":83,"height":20,"caption":"ARTEVA"},"image":{"@id":"https:\/\/arteva.org\/#\/schema\/logo\/image\/"}}]}},"_links":{"self":[{"href":"https:\/\/arteva.org\/index.php\/wp-json\/wp\/v2\/pages\/15","targetHints":{"allow":["GET"]}}],"collection":[{"href":"https:\/\/arteva.org\/index.php\/wp-json\/wp\/v2\/pages"}],"about":[{"href":"https:\/\/arteva.org\/index.php\/wp-json\/wp\/v2\/types\/page"}],"author":[{"embeddable":true,"href":"https:\/\/arteva.org\/index.php\/wp-json\/wp\/v2\/users\/1"}],"replies":[{"embeddable":true,"href":"https:\/\/arteva.org\/index.php\/wp-json\/wp\/v2\/comments?post=15"}],"version-history":[{"count":16,"href":"https:\/\/arteva.org\/index.php\/wp-json\/wp\/v2\/pages\/15\/revisions"}],"predecessor-version":[{"id":246,"href":"https:\/\/arteva.org\/index.php\/wp-json\/wp\/v2\/pages\/15\/revisions\/246"}],"wp:attachment":[{"href":"https:\/\/arteva.org\/index.php\/wp-json\/wp\/v2\/media?parent=15"}],"curies":[{"name":"wp","href":"https:\/\/api.w.org\/{rel}","templated":true}]}}