{"id":260,"date":"2025-01-21T13:17:57","date_gmt":"2025-01-21T12:17:57","guid":{"rendered":"http:\/\/arteva.org\/?page_id=260"},"modified":"2026-03-12T10:39:32","modified_gmt":"2026-03-12T09:39:32","slug":"mentions-legales","status":"publish","type":"page","link":"https:\/\/arteva.org\/index.php\/mentions-legales\/","title":{"rendered":"Mentions l\u00e9gales"},"content":{"rendered":"\n<p><strong>ARTEVA, \u00e9diteur et r\u00e9alisateur du pr\u00e9sent site <a href=\"http:\/\/www.arteva.org\">www.arteva.org<\/a> <\/strong>&nbsp;est une association r\u00e9gie par la loi de 1901, enregistr\u00e9e \u00e0 la Pr\u00e9fecture de Loire-Atlantique, n\u00b0RNA W442015551,&nbsp; Si\u00e8ge Social 10 rue Capitaine Andr\u00e9 David 44100 Nantes, T\u00e9l\u00e9phone +33 (0) 6 86 26 43 76, e-mail : arteva (arobace) numericable.fr<\/p>\n\n\n\n<p>Direction de la publication du site&nbsp;: H\u00e9l\u00e8ne Poisot.<\/p>\n\n\n\n<p>L\u00e9gislation applicable&nbsp;: lois et r\u00e9glements fran\u00e7ais r\u00e9gissant le num\u00e9rique. L\u2019acc\u00e8s et la navigation sur le site emporte l\u2019acceptation sans r\u00e9serve de toutes les mentions et conditions ci-dessous.<\/p>\n\n\n\n<h5 class=\"wp-block-heading\">&nbsp;<strong>1.&nbsp;Propri\u00e9t\u00e9 intellectuelle<\/strong><\/h5>\n\n\n\n<p>Le site <a href=\"http:\/\/www.arteva.org\">www.arteva.org<\/a> est sous copyright \u00a9 ARTEVA, Nantes.<\/p>\n\n\n\n<p>Toute reproduction, repr\u00e9sentation, modification ou adaptation totale ou partielle du Site et\/ou de tout ou partie des \u00e9l\u00e9ments se trouvant sur le Site ou qui y sont incorpor\u00e9s, est strictement interdite.<\/p>\n\n\n\n<p>Tous les artistes expos\u00e9s par ARTEVA ont contractuellement c\u00e9d\u00e9 \u00e0 cette derni\u00e8re les droits de reproduction illimit\u00e9e sur son site des \u0153uvres s\u00e9lectionn\u00e9es pr\u00e9sent\u00e9es individuellement ou collectivement sur le site ainsi que des textes de toutes natures qu\u2019ils lui ont communiqu\u00e9s.<\/p>\n\n\n\n<p>Les textes, commentaires, ouvrages, illustrations, \u0153uvres et images reproduits ou repr\u00e9sent\u00e9s sur le Site sont par ailleurs strictement r\u00e9serv\u00e9s au titre du droit d\u2019auteur ainsi qu\u2019au titre de la propri\u00e9t\u00e9 intellectuelle, pour toute la dur\u00e9e de protection de ces droits et pour le monde entier. Conform\u00e9ment au Code de la propri\u00e9t\u00e9 intellectuelle, et sous r\u00e9serve d\u2019autres dispositions l\u00e9gales ou r\u00e9glementaires, seule est autoris\u00e9e l\u2019utilisation pour un usage priv\u00e9.<\/p>\n\n\n\n<p>Les utilisateurs s\u2019engagent \u00e0 faire diligence pour signaler \u00e0 ARTEVA toute violation de droit de propri\u00e9t\u00e9 intellectuelle qu\u2019ils viendraient \u00e0 constater.<\/p>\n\n\n\n<h5 class=\"wp-block-heading\"><strong>2. Cookies<\/strong><\/h5>\n\n\n\n<p>Sans objet&nbsp;<\/p>\n\n\n\n<h5 class=\"wp-block-heading\"><strong>3. Donn\u00e9es personnelles<\/strong><\/h5>\n\n\n\n<p>Les donn\u00e9es personnelles des internautes fr\u00e9quentant le site ne font l\u2019objet d\u2019aucun enregistrement ni traitement.<\/p>\n\n\n\n<h5 class=\"wp-block-heading\"><strong>4. Garanties et limitations de responsabilit\u00e9<\/strong><\/h5>\n\n\n\n<p>ARTEVA veille \u00e0 maintenir un acc\u00e8s permanent \u00e0 son site ind\u00e9pendamment des op\u00e9rations de maintenance programm\u00e9es, sous r\u00e9serve des dispositions du pr\u00e9sent article.<\/p>\n\n\n\n<p>Le fait d\u2019acc\u00e9der au Site implique l\u2019acceptation par l\u2019internaute des caract\u00e9ristiques particuli\u00e8res du r\u00e9seau Internet ainsi que des risques et al\u00e9as qui y sont associ\u00e9s (temps de r\u00e9ponse, pr\u00e9sence de virus informatiques).<\/p>\n\n\n\n<p>L\u2019internaute assume seul l\u2019enti\u00e8re responsabilit\u00e9 de toute visite et navigation sur le Site. ARTEVA ne saurait encourir une quelconque responsabilit\u00e9 en cas de dommage direct ou indirect subi par ou caus\u00e9 \u00e0 tout internaute d\u00e9coulant d\u2019une utilisation inappropri\u00e9e ou par n\u00e9gligence d\u2019un ordinateur ou tout outil informatique, d\u2019un d\u00e9faut de maintenance du mat\u00e9riel ou d\u2019acc\u00e8s Internet, et plus g\u00e9n\u00e9ralement de tout dysfonctionnement des serveurs, lignes t\u00e9l\u00e9phoniques, connexions ADSL, ou autre.<\/p>\n\n\n\n<p>Les autres sites internet \u00e9ventuellement mentionn\u00e9s demeurent hors du contr\u00f4le d\u2019ARTEVA qui d\u00e9cline toute responsabilit\u00e9 en cas de non-respect des r\u00e8gles de protection des donn\u00e9es ou du contenu de ces sites internet.<\/p>\n\n\n\n<h5 class=\"wp-block-heading\"><strong>5. Modification des mentions<\/strong><\/h5>\n\n\n\n<p>ARTEVA se r\u00e9serve le droit de modifier le pr\u00e9sent document \u00e0 tout moment.&nbsp;<\/p>\n\n\n\n<h5 class=\"wp-block-heading\"><strong>6. Loi applicable et attribution de juridiction<\/strong><\/h5>\n\n\n\n<p>Les pr\u00e9sentes mentions sont \u00e9tablies et r\u00e9gies par le droit fran\u00e7ais.<\/p>\n\n\n\n<p>Tout litige li\u00e9 \u00e0 l\u2019interpr\u00e9tation ou \u00e0 l\u2019application des pr\u00e9sentes mentions, sera exclusivement soumis aux juridictions fran\u00e7aises territorialement comp\u00e9tentes.<\/p>\n\n\n\n<p>Il appartient \u00e0 tout internaute de se conformer aux r\u00e8gles applicables dans son pays de r\u00e9sidence.<\/p>\n\n\n\n<div class=\"schema-faq wp-block-yoast-faq-block\"><div class=\"schema-faq-section\" id=\"faq-question-1773308212463\"><strong class=\"schema-faq-question\"><\/strong> <p class=\"schema-faq-answer\"><\/p> <\/div> <\/div>\n","protected":false},"excerpt":{"rendered":"<p>ARTEVA, \u00e9diteur et r\u00e9alisateur du pr\u00e9sent site www.arteva.org &nbsp;est une association r\u00e9gie par la loi de 1901, enregistr\u00e9e \u00e0 la Pr\u00e9fecture de Loire-Atlantique, n\u00b0RNA W442015551,&nbsp; Si\u00e8ge Social 10 rue Capitaine Andr\u00e9 David 44100 Nantes, T\u00e9l\u00e9phone +33 (0) 6 86 26 43 76, e-mail : arteva (arobace) numericable.fr Direction de la publication du site&nbsp;: H\u00e9l\u00e8ne Poisot. [&hellip;]<\/p>\n","protected":false},"author":1,"featured_media":0,"parent":0,"menu_order":0,"comment_status":"closed","ping_status":"closed","template":"","meta":{"footnotes":""},"class_list":["post-260","page","type-page","status-publish","hentry"],"yoast_head":"<!-- This site is optimized with the Yoast SEO plugin v27.1.1 - https:\/\/yoast.com\/product\/yoast-seo-wordpress\/ -->\n<title>Mentions l\u00e9gales - ARTEVA<\/title>\n<meta name=\"description\" content=\"arteva : mentions l\u00e9gales du site du cr\u00e9ateur d&#039;\u00e9v\u00e8nements : organisateur de salons artistiques et autres \u00e9v\u00e8nements\" \/>\n<meta name=\"robots\" content=\"index, follow, max-snippet:-1, max-image-preview:large, max-video-preview:-1\" \/>\n<link rel=\"canonical\" href=\"https:\/\/arteva.org\/index.php\/mentions-legales\/\" \/>\n<meta property=\"og:locale\" content=\"fr_FR\" \/>\n<meta property=\"og:type\" content=\"article\" \/>\n<meta property=\"og:title\" content=\"Mentions l\u00e9gales - ARTEVA\" \/>\n<meta property=\"og:description\" content=\"arteva : mentions l\u00e9gales du site du cr\u00e9ateur d&#039;\u00e9v\u00e8nements : organisateur de salons artistiques et autres \u00e9v\u00e8nements\" \/>\n<meta property=\"og:url\" content=\"https:\/\/arteva.org\/index.php\/mentions-legales\/\" \/>\n<meta property=\"og:site_name\" content=\"ARTEVA\" \/>\n<meta property=\"article:modified_time\" content=\"2026-03-12T09:39:32+00:00\" \/>\n<meta name=\"twitter:card\" content=\"summary_large_image\" \/>\n<meta name=\"twitter:label1\" content=\"Dur\u00e9e de lecture estim\u00e9e\" \/>\n\t<meta name=\"twitter:data1\" content=\"3 minutes\" \/>\n<script type=\"application\/ld+json\" class=\"yoast-schema-graph\">{\"@context\":\"https:\/\/schema.org\",\"@graph\":[{\"@type\":[\"WebPage\",\"FAQPage\"],\"@id\":\"https:\/\/arteva.org\/index.php\/mentions-legales\/\",\"url\":\"https:\/\/arteva.org\/index.php\/mentions-legales\/\",\"name\":\"Mentions l\u00e9gales - ARTEVA\",\"isPartOf\":{\"@id\":\"https:\/\/arteva.org\/#website\"},\"datePublished\":\"2025-01-21T12:17:57+00:00\",\"dateModified\":\"2026-03-12T09:39:32+00:00\",\"description\":\"arteva : mentions l\u00e9gales du site du cr\u00e9ateur d'\u00e9v\u00e8nements : organisateur de salons artistiques et autres \u00e9v\u00e8nements\",\"breadcrumb\":{\"@id\":\"https:\/\/arteva.org\/index.php\/mentions-legales\/#breadcrumb\"},\"inLanguage\":\"fr-FR\",\"potentialAction\":[{\"@type\":\"ReadAction\",\"target\":[\"https:\/\/arteva.org\/index.php\/mentions-legales\/\"]}]},{\"@type\":\"BreadcrumbList\",\"@id\":\"https:\/\/arteva.org\/index.php\/mentions-legales\/#breadcrumb\",\"itemListElement\":[{\"@type\":\"ListItem\",\"position\":1,\"name\":\"Accueil\",\"item\":\"https:\/\/arteva.org\/\"},{\"@type\":\"ListItem\",\"position\":2,\"name\":\"Mentions l\u00e9gales\"}]},{\"@type\":\"WebSite\",\"@id\":\"https:\/\/arteva.org\/#website\",\"url\":\"https:\/\/arteva.org\/\",\"name\":\"ARTEVA\",\"description\":\"Bienvenue sur le site ARTEVA : cr\u00e9ateur d&#039;\u00e9v\u00e9nements artistiques\",\"publisher\":{\"@id\":\"https:\/\/arteva.org\/#organization\"},\"potentialAction\":[{\"@type\":\"SearchAction\",\"target\":{\"@type\":\"EntryPoint\",\"urlTemplate\":\"https:\/\/arteva.org\/?s={search_term_string}\"},\"query-input\":{\"@type\":\"PropertyValueSpecification\",\"valueRequired\":true,\"valueName\":\"search_term_string\"}}],\"inLanguage\":\"fr-FR\"},{\"@type\":\"Organization\",\"@id\":\"https:\/\/arteva.org\/#organization\",\"name\":\"ARTEVA\",\"url\":\"https:\/\/arteva.org\/\",\"logo\":{\"@type\":\"ImageObject\",\"inLanguage\":\"fr-FR\",\"@id\":\"https:\/\/arteva.org\/#\/schema\/logo\/image\/\",\"url\":\"http:\/\/arteva.org\/wp-content\/uploads\/2024\/11\/event_arteva.gif\",\"contentUrl\":\"http:\/\/arteva.org\/wp-content\/uploads\/2024\/11\/event_arteva.gif\",\"width\":83,\"height\":20,\"caption\":\"ARTEVA\"},\"image\":{\"@id\":\"https:\/\/arteva.org\/#\/schema\/logo\/image\/\"}}]}<\/script>\n<!-- \/ Yoast SEO plugin. -->","yoast_head_json":{"title":"Mentions l\u00e9gales - ARTEVA","description":"arteva : mentions l\u00e9gales du site du cr\u00e9ateur d'\u00e9v\u00e8nements : organisateur de salons artistiques et autres \u00e9v\u00e8nements","robots":{"index":"index","follow":"follow","max-snippet":"max-snippet:-1","max-image-preview":"max-image-preview:large","max-video-preview":"max-video-preview:-1"},"canonical":"https:\/\/arteva.org\/index.php\/mentions-legales\/","og_locale":"fr_FR","og_type":"article","og_title":"Mentions l\u00e9gales - ARTEVA","og_description":"arteva : mentions l\u00e9gales du site du cr\u00e9ateur d'\u00e9v\u00e8nements : organisateur de salons artistiques et autres \u00e9v\u00e8nements","og_url":"https:\/\/arteva.org\/index.php\/mentions-legales\/","og_site_name":"ARTEVA","article_modified_time":"2026-03-12T09:39:32+00:00","twitter_card":"summary_large_image","twitter_misc":{"Dur\u00e9e de lecture estim\u00e9e":"3 minutes"},"schema":{"@context":"https:\/\/schema.org","@graph":[{"@type":["WebPage","FAQPage"],"@id":"https:\/\/arteva.org\/index.php\/mentions-legales\/","url":"https:\/\/arteva.org\/index.php\/mentions-legales\/","name":"Mentions l\u00e9gales - ARTEVA","isPartOf":{"@id":"https:\/\/arteva.org\/#website"},"datePublished":"2025-01-21T12:17:57+00:00","dateModified":"2026-03-12T09:39:32+00:00","description":"arteva : mentions l\u00e9gales du site du cr\u00e9ateur d'\u00e9v\u00e8nements : organisateur de salons artistiques et autres \u00e9v\u00e8nements","breadcrumb":{"@id":"https:\/\/arteva.org\/index.php\/mentions-legales\/#breadcrumb"},"inLanguage":"fr-FR","potentialAction":[{"@type":"ReadAction","target":["https:\/\/arteva.org\/index.php\/mentions-legales\/"]}]},{"@type":"BreadcrumbList","@id":"https:\/\/arteva.org\/index.php\/mentions-legales\/#breadcrumb","itemListElement":[{"@type":"ListItem","position":1,"name":"Accueil","item":"https:\/\/arteva.org\/"},{"@type":"ListItem","position":2,"name":"Mentions l\u00e9gales"}]},{"@type":"WebSite","@id":"https:\/\/arteva.org\/#website","url":"https:\/\/arteva.org\/","name":"ARTEVA","description":"Bienvenue sur le site ARTEVA : cr\u00e9ateur d&#039;\u00e9v\u00e9nements artistiques","publisher":{"@id":"https:\/\/arteva.org\/#organization"},"potentialAction":[{"@type":"SearchAction","target":{"@type":"EntryPoint","urlTemplate":"https:\/\/arteva.org\/?s={search_term_string}"},"query-input":{"@type":"PropertyValueSpecification","valueRequired":true,"valueName":"search_term_string"}}],"inLanguage":"fr-FR"},{"@type":"Organization","@id":"https:\/\/arteva.org\/#organization","name":"ARTEVA","url":"https:\/\/arteva.org\/","logo":{"@type":"ImageObject","inLanguage":"fr-FR","@id":"https:\/\/arteva.org\/#\/schema\/logo\/image\/","url":"http:\/\/arteva.org\/wp-content\/uploads\/2024\/11\/event_arteva.gif","contentUrl":"http:\/\/arteva.org\/wp-content\/uploads\/2024\/11\/event_arteva.gif","width":83,"height":20,"caption":"ARTEVA"},"image":{"@id":"https:\/\/arteva.org\/#\/schema\/logo\/image\/"}}]}},"_links":{"self":[{"href":"https:\/\/arteva.org\/index.php\/wp-json\/wp\/v2\/pages\/260","targetHints":{"allow":["GET"]}}],"collection":[{"href":"https:\/\/arteva.org\/index.php\/wp-json\/wp\/v2\/pages"}],"about":[{"href":"https:\/\/arteva.org\/index.php\/wp-json\/wp\/v2\/types\/page"}],"author":[{"embeddable":true,"href":"https:\/\/arteva.org\/index.php\/wp-json\/wp\/v2\/users\/1"}],"replies":[{"embeddable":true,"href":"https:\/\/arteva.org\/index.php\/wp-json\/wp\/v2\/comments?post=260"}],"version-history":[{"count":3,"href":"https:\/\/arteva.org\/index.php\/wp-json\/wp\/v2\/pages\/260\/revisions"}],"predecessor-version":[{"id":344,"href":"https:\/\/arteva.org\/index.php\/wp-json\/wp\/v2\/pages\/260\/revisions\/344"}],"wp:attachment":[{"href":"https:\/\/arteva.org\/index.php\/wp-json\/wp\/v2\/media?parent=260"}],"curies":[{"name":"wp","href":"https:\/\/api.w.org\/{rel}","templated":true}]}}