{"id":30,"date":"2024-11-04T15:38:51","date_gmt":"2024-11-04T14:38:51","guid":{"rendered":"http:\/\/arteva.org\/?page_id=30"},"modified":"2025-12-03T22:52:54","modified_gmt":"2025-12-03T21:52:54","slug":"contactez-nous","status":"publish","type":"page","link":"https:\/\/arteva.org\/index.php\/contactez-nous\/","title":{"rendered":"Contactez-nous"},"content":{"rendered":"\n<p>ARTEVA est \u00e0 votre disposition pour tout renseignement que vous souhaitez par mail : <\/p>\n\n\n\n<p><strong>arteva@numericable.fr<\/strong><\/p>\n\n\n\n<p>Egalement vous pouvez vous abonner \u00e0 notre newsletter<\/p>\n\n\n\n<div class=\"wpcf7 no-js\" id=\"wpcf7-f32-o1\" lang=\"fr-FR\" dir=\"ltr\" data-wpcf7-id=\"32\">\n<div class=\"screen-reader-response\"><p role=\"status\" aria-live=\"polite\" aria-atomic=\"true\"><\/p> <ul><\/ul><\/div>\n<form action=\"\/index.php\/wp-json\/wp\/v2\/pages\/30#wpcf7-f32-o1\" method=\"post\" class=\"wpcf7-form init\" aria-label=\"Formulaire de contact\" novalidate=\"novalidate\" data-status=\"init\">\n<fieldset class=\"hidden-fields-container\"><input type=\"hidden\" name=\"_wpcf7\" value=\"32\" \/><input type=\"hidden\" name=\"_wpcf7_version\" value=\"6.1.5\" \/><input type=\"hidden\" name=\"_wpcf7_locale\" value=\"fr_FR\" \/><input type=\"hidden\" name=\"_wpcf7_unit_tag\" value=\"wpcf7-f32-o1\" \/><input type=\"hidden\" name=\"_wpcf7_container_post\" value=\"0\" \/><input type=\"hidden\" name=\"_wpcf7_posted_data_hash\" value=\"\" \/>\n<\/fieldset>\n<p><label> Votre nom<br \/>\n<span class=\"wpcf7-form-control-wrap\" data-name=\"your-name\"><input size=\"40\" maxlength=\"400\" class=\"wpcf7-form-control wpcf7-text wpcf7-validates-as-required\" autocomplete=\"name\" aria-required=\"true\" aria-invalid=\"false\" value=\"\" type=\"text\" name=\"your-name\" \/><\/span> <\/label>\n<\/p>\n<p><label> Votre e-mail<br \/>\n<span class=\"wpcf7-form-control-wrap\" data-name=\"your-email\"><input size=\"40\" maxlength=\"400\" class=\"wpcf7-form-control wpcf7-email wpcf7-validates-as-required wpcf7-text wpcf7-validates-as-email\" autocomplete=\"email\" aria-required=\"true\" aria-invalid=\"false\" value=\"\" type=\"email\" name=\"your-email\" \/><\/span> <\/label>\n<\/p>\n<p><label> Objet<br \/>\n<span class=\"wpcf7-form-control-wrap\" data-name=\"your-subject\"><input size=\"40\" maxlength=\"400\" class=\"wpcf7-form-control wpcf7-text wpcf7-validates-as-required\" aria-required=\"true\" aria-invalid=\"false\" value=\"\" type=\"text\" name=\"your-subject\" \/><\/span> <\/label>\n<\/p>\n<p><label> Votre message (facultatif)<br \/>\n<span class=\"wpcf7-form-control-wrap\" data-name=\"your-message\"><textarea cols=\"40\" rows=\"10\" maxlength=\"2000\" class=\"wpcf7-form-control wpcf7-textarea\" aria-invalid=\"false\" name=\"your-message\"><\/textarea><\/span> <\/label>\n<\/p>\n<p><input class=\"wpcf7-form-control wpcf7-submit has-spinner\" type=\"submit\" value=\"Envoyer\" \/>\n<\/p><div class=\"wpcf7-response-output\" aria-hidden=\"true\"><\/div>\n<\/form>\n<\/div>\n\n","protected":false},"excerpt":{"rendered":"<p>ARTEVA est \u00e0 votre disposition pour tout renseignement que vous souhaitez par mail : arteva@numericable.fr Egalement vous pouvez vous abonner \u00e0 notre newsletter<\/p>\n","protected":false},"author":1,"featured_media":0,"parent":0,"menu_order":0,"comment_status":"closed","ping_status":"closed","template":"","meta":{"footnotes":""},"class_list":["post-30","page","type-page","status-publish","hentry"],"yoast_head":"<!-- This site is optimized with the Yoast SEO plugin v27.1.1 - https:\/\/yoast.com\/product\/yoast-seo-wordpress\/ -->\n<title>Contactez-nous - ARTEVA<\/title>\n<meta name=\"robots\" content=\"index, follow, max-snippet:-1, max-image-preview:large, max-video-preview:-1\" \/>\n<link rel=\"canonical\" href=\"https:\/\/arteva.org\/index.php\/contactez-nous\/\" \/>\n<meta property=\"og:locale\" content=\"fr_FR\" \/>\n<meta property=\"og:type\" content=\"article\" \/>\n<meta property=\"og:title\" content=\"Contactez-nous - ARTEVA\" \/>\n<meta property=\"og:description\" content=\"ARTEVA est \u00e0 votre disposition pour tout renseignement que vous souhaitez par mail : arteva@numericable.fr Egalement vous pouvez vous abonner \u00e0 notre newsletter\" \/>\n<meta property=\"og:url\" content=\"https:\/\/arteva.org\/index.php\/contactez-nous\/\" \/>\n<meta property=\"og:site_name\" content=\"ARTEVA\" \/>\n<meta property=\"article:modified_time\" content=\"2025-12-03T21:52:54+00:00\" \/>\n<meta name=\"twitter:card\" content=\"summary_large_image\" \/>\n<meta name=\"twitter:label1\" content=\"Dur\u00e9e de lecture estim\u00e9e\" \/>\n\t<meta name=\"twitter:data1\" content=\"1 minute\" \/>\n<script type=\"application\/ld+json\" class=\"yoast-schema-graph\">{\"@context\":\"https:\/\/schema.org\",\"@graph\":[{\"@type\":\"WebPage\",\"@id\":\"https:\/\/arteva.org\/index.php\/contactez-nous\/\",\"url\":\"https:\/\/arteva.org\/index.php\/contactez-nous\/\",\"name\":\"Contactez-nous - ARTEVA\",\"isPartOf\":{\"@id\":\"https:\/\/arteva.org\/#website\"},\"datePublished\":\"2024-11-04T14:38:51+00:00\",\"dateModified\":\"2025-12-03T21:52:54+00:00\",\"breadcrumb\":{\"@id\":\"https:\/\/arteva.org\/index.php\/contactez-nous\/#breadcrumb\"},\"inLanguage\":\"fr-FR\",\"potentialAction\":[{\"@type\":\"ReadAction\",\"target\":[\"https:\/\/arteva.org\/index.php\/contactez-nous\/\"]}]},{\"@type\":\"BreadcrumbList\",\"@id\":\"https:\/\/arteva.org\/index.php\/contactez-nous\/#breadcrumb\",\"itemListElement\":[{\"@type\":\"ListItem\",\"position\":1,\"name\":\"Accueil\",\"item\":\"https:\/\/arteva.org\/\"},{\"@type\":\"ListItem\",\"position\":2,\"name\":\"Contactez-nous\"}]},{\"@type\":\"WebSite\",\"@id\":\"https:\/\/arteva.org\/#website\",\"url\":\"https:\/\/arteva.org\/\",\"name\":\"ARTEVA\",\"description\":\"Bienvenue sur le site ARTEVA : cr\u00e9ateur d&#039;\u00e9v\u00e9nements artistiques\",\"publisher\":{\"@id\":\"https:\/\/arteva.org\/#organization\"},\"potentialAction\":[{\"@type\":\"SearchAction\",\"target\":{\"@type\":\"EntryPoint\",\"urlTemplate\":\"https:\/\/arteva.org\/?s={search_term_string}\"},\"query-input\":{\"@type\":\"PropertyValueSpecification\",\"valueRequired\":true,\"valueName\":\"search_term_string\"}}],\"inLanguage\":\"fr-FR\"},{\"@type\":\"Organization\",\"@id\":\"https:\/\/arteva.org\/#organization\",\"name\":\"ARTEVA\",\"url\":\"https:\/\/arteva.org\/\",\"logo\":{\"@type\":\"ImageObject\",\"inLanguage\":\"fr-FR\",\"@id\":\"https:\/\/arteva.org\/#\/schema\/logo\/image\/\",\"url\":\"http:\/\/arteva.org\/wp-content\/uploads\/2024\/11\/event_arteva.gif\",\"contentUrl\":\"http:\/\/arteva.org\/wp-content\/uploads\/2024\/11\/event_arteva.gif\",\"width\":83,\"height\":20,\"caption\":\"ARTEVA\"},\"image\":{\"@id\":\"https:\/\/arteva.org\/#\/schema\/logo\/image\/\"}}]}<\/script>\n<!-- \/ Yoast SEO plugin. -->","yoast_head_json":{"title":"Contactez-nous - ARTEVA","robots":{"index":"index","follow":"follow","max-snippet":"max-snippet:-1","max-image-preview":"max-image-preview:large","max-video-preview":"max-video-preview:-1"},"canonical":"https:\/\/arteva.org\/index.php\/contactez-nous\/","og_locale":"fr_FR","og_type":"article","og_title":"Contactez-nous - ARTEVA","og_description":"ARTEVA est \u00e0 votre disposition pour tout renseignement que vous souhaitez par mail : arteva@numericable.fr Egalement vous pouvez vous abonner \u00e0 notre newsletter","og_url":"https:\/\/arteva.org\/index.php\/contactez-nous\/","og_site_name":"ARTEVA","article_modified_time":"2025-12-03T21:52:54+00:00","twitter_card":"summary_large_image","twitter_misc":{"Dur\u00e9e de lecture estim\u00e9e":"1 minute"},"schema":{"@context":"https:\/\/schema.org","@graph":[{"@type":"WebPage","@id":"https:\/\/arteva.org\/index.php\/contactez-nous\/","url":"https:\/\/arteva.org\/index.php\/contactez-nous\/","name":"Contactez-nous - ARTEVA","isPartOf":{"@id":"https:\/\/arteva.org\/#website"},"datePublished":"2024-11-04T14:38:51+00:00","dateModified":"2025-12-03T21:52:54+00:00","breadcrumb":{"@id":"https:\/\/arteva.org\/index.php\/contactez-nous\/#breadcrumb"},"inLanguage":"fr-FR","potentialAction":[{"@type":"ReadAction","target":["https:\/\/arteva.org\/index.php\/contactez-nous\/"]}]},{"@type":"BreadcrumbList","@id":"https:\/\/arteva.org\/index.php\/contactez-nous\/#breadcrumb","itemListElement":[{"@type":"ListItem","position":1,"name":"Accueil","item":"https:\/\/arteva.org\/"},{"@type":"ListItem","position":2,"name":"Contactez-nous"}]},{"@type":"WebSite","@id":"https:\/\/arteva.org\/#website","url":"https:\/\/arteva.org\/","name":"ARTEVA","description":"Bienvenue sur le site ARTEVA : cr\u00e9ateur d&#039;\u00e9v\u00e9nements artistiques","publisher":{"@id":"https:\/\/arteva.org\/#organization"},"potentialAction":[{"@type":"SearchAction","target":{"@type":"EntryPoint","urlTemplate":"https:\/\/arteva.org\/?s={search_term_string}"},"query-input":{"@type":"PropertyValueSpecification","valueRequired":true,"valueName":"search_term_string"}}],"inLanguage":"fr-FR"},{"@type":"Organization","@id":"https:\/\/arteva.org\/#organization","name":"ARTEVA","url":"https:\/\/arteva.org\/","logo":{"@type":"ImageObject","inLanguage":"fr-FR","@id":"https:\/\/arteva.org\/#\/schema\/logo\/image\/","url":"http:\/\/arteva.org\/wp-content\/uploads\/2024\/11\/event_arteva.gif","contentUrl":"http:\/\/arteva.org\/wp-content\/uploads\/2024\/11\/event_arteva.gif","width":83,"height":20,"caption":"ARTEVA"},"image":{"@id":"https:\/\/arteva.org\/#\/schema\/logo\/image\/"}}]}},"_links":{"self":[{"href":"https:\/\/arteva.org\/index.php\/wp-json\/wp\/v2\/pages\/30","targetHints":{"allow":["GET"]}}],"collection":[{"href":"https:\/\/arteva.org\/index.php\/wp-json\/wp\/v2\/pages"}],"about":[{"href":"https:\/\/arteva.org\/index.php\/wp-json\/wp\/v2\/types\/page"}],"author":[{"embeddable":true,"href":"https:\/\/arteva.org\/index.php\/wp-json\/wp\/v2\/users\/1"}],"replies":[{"embeddable":true,"href":"https:\/\/arteva.org\/index.php\/wp-json\/wp\/v2\/comments?post=30"}],"version-history":[{"count":6,"href":"https:\/\/arteva.org\/index.php\/wp-json\/wp\/v2\/pages\/30\/revisions"}],"predecessor-version":[{"id":301,"href":"https:\/\/arteva.org\/index.php\/wp-json\/wp\/v2\/pages\/30\/revisions\/301"}],"wp:attachment":[{"href":"https:\/\/arteva.org\/index.php\/wp-json\/wp\/v2\/media?parent=30"}],"curies":[{"name":"wp","href":"https:\/\/api.w.org\/{rel}","templated":true}]}}