{"id":51,"date":"2024-11-26T15:17:31","date_gmt":"2024-11-26T14:17:31","guid":{"rendered":"http:\/\/arteva.org\/?page_id=51"},"modified":"2025-01-23T07:58:02","modified_gmt":"2025-01-23T06:58:02","slug":"les-arts-papiers","status":"publish","type":"page","link":"https:\/\/arteva.org\/index.php\/les-arts-papiers\/","title":{"rendered":"Les Arts Papier"},"content":{"rendered":"\n<p class=\"has-text-align-center\"><\/p>\n\n\n\n<h2 class=\"wp-block-heading\">La pratique du papier ouvre une plage \u00e9tendue et vari\u00e9e \u00e0 l&rsquo;originalit\u00e9 artistique&#8230;<\/h2>\n\n\n\n<p>&#8230; relais id\u00e9al \u00e0 la transmission des sensibilit\u00e9s artistiques contemporaines<br>&#8212;&#8212;&#8212;&#8212;&#8212;&#8212;&#8212;&#8212;&#8212;&#8212;&#8212;&#8212;&#8212;&#8212;&#8212;&#8212;&#8212;&#8212;<br><strong>\u00ab\u00a0Les Arts Papier 2023\u00a0\u00bb<\/strong> Du jeudi 20 au dimanche 23 avril 2023-<\/p>\n\n\n\n<figure class=\"wp-block-image size-full is-resized\"><img loading=\"lazy\" decoding=\"async\" width=\"43\" height=\"43\" src=\"https:\/\/arteva.org\/wp-content\/uploads\/2024\/11\/exposition-arteva-arts-papier-mini.jpg\" alt=\"\" class=\"wp-image-135\" style=\"width:61px;height:auto\"\/><\/figure>\n\n\n\n<p><a href=\"https:\/\/arteva.org\/wp-content\/uploads\/2024\/11\/Livret-Les-Arts-Papier-2023-1.pdf\">T\u00e9l\u00e9charger le catalogue<\/a><br>&#8212;&#8212;&#8212;&#8212;&#8212;&#8212;&#8212;&#8212;&#8212;&#8212;&#8212;&#8212;&#8212;&#8212;&#8212;&#8212;&#8212;&#8212;<br><strong>\u00ab\u00a0Les Arts Papier 2018, retour et suite\u00a0\u00bb<\/strong><\/p>\n\n\n\n<figure class=\"wp-block-image size-full\"><img loading=\"lazy\" decoding=\"async\" width=\"60\" height=\"85\" src=\"https:\/\/arteva.org\/wp-content\/uploads\/2024\/11\/ArtsPap2018Flyer-1.jpg\" alt=\"\" class=\"wp-image-111\"\/><\/figure>\n\n\n\n<p><a href=\"https:\/\/arteva.org\/wp-content\/uploads\/2024\/11\/catalogue-les-arts-papier-2018.pdf\">T\u00e9l\u00e9charger le catalogue<\/a><br>&#8212;&#8212;&#8212;&#8212;&#8212;&#8212;&#8212;&#8212;&#8212;&#8212;&#8212;&#8212;&#8212;&#8212;&#8212;&#8212;&#8212;&#8212;<br><strong>\u00ab\u00a0Les Arts Papier 2016\u00a0\u00bb<\/strong><\/p>\n\n\n\n<figure class=\"wp-block-image size-full is-resized\"><img loading=\"lazy\" decoding=\"async\" width=\"43\" height=\"43\" src=\"https:\/\/arteva.org\/wp-content\/uploads\/2024\/11\/exposition-arteva-arts-papier-mini.jpg\" alt=\"\" class=\"wp-image-135\" style=\"width:61px;height:auto\"\/><\/figure>\n\n\n\n<p><a href=\"https:\/\/arteva.org\/wp-content\/uploads\/2024\/11\/ArtsPap2016cata2.pdf\">T\u00e9l\u00e9charger le catalogue<\/a><br>&#8212;&#8212;&#8212;&#8212;&#8212;&#8212;&#8212;&#8212;&#8212;&#8212;&#8212;&#8212;&#8212;&#8212;&#8212;&#8212;&#8212;&#8212;<br><strong>\u00ab\u00a0Les Arts Papier 2015\u00a0\u00bb<\/strong><\/p>\n\n\n\n<figure class=\"wp-block-image size-full is-resized\"><img loading=\"lazy\" decoding=\"async\" width=\"43\" height=\"43\" src=\"https:\/\/arteva.org\/wp-content\/uploads\/2024\/11\/exposition-arteva-arts-papier-mini.jpg\" alt=\"\" class=\"wp-image-135\" style=\"width:61px;height:auto\"\/><\/figure>\n\n\n\n<p><a href=\"https:\/\/arteva.org\/wp-content\/uploads\/2024\/11\/exposition-arteva-arts-papier-big.jpg\">T\u00e9l\u00e9charger le catalogue<\/a><br>&#8212;&#8212;&#8212;&#8212;&#8212;&#8212;&#8212;&#8212;&#8212;&#8212;&#8212;&#8212;&#8212;&#8212;&#8212;&#8212;&#8212;&#8212;<br><strong>\u00ab\u00a0Les Arts Papier 2013\u00a0\u00bb<\/strong><\/p>\n\n\n\n<figure class=\"wp-block-image size-full is-resized\"><img loading=\"lazy\" decoding=\"async\" width=\"43\" height=\"43\" src=\"https:\/\/arteva.org\/wp-content\/uploads\/2024\/11\/exposition-arteva-arts-papier-mini.jpg\" alt=\"\" class=\"wp-image-135\" style=\"width:61px;height:auto\"\/><\/figure>\n\n\n\n<p><a href=\"https:\/\/arteva.org\/wp-content\/uploads\/2024\/11\/exposition-arteva-arts-papier-big.jpg\">T\u00e9l\u00e9charger le catalogue<\/a><br>&#8212;&#8212;&#8212;&#8212;&#8212;&#8212;&#8212;&#8212;&#8212;&#8212;&#8212;&#8212;&#8212;&#8212;&#8212;&#8212;&#8212;&#8212;<br><strong>\u00ab\u00a0Les Arts Papier 2012\u00a0\u00bb<\/strong><\/p>\n\n\n\n<figure class=\"wp-block-image size-full is-resized\"><img loading=\"lazy\" decoding=\"async\" width=\"55\" height=\"85\" src=\"https:\/\/arteva.org\/wp-content\/uploads\/2024\/11\/arts-papier-2012-big2-1.jpg\" alt=\"\" class=\"wp-image-117\" style=\"width:61px;height:auto\"\/><\/figure>\n\n\n\n<p><a href=\"https:\/\/arteva.org\/wp-content\/uploads\/2024\/11\/artspapier2012.pdf\">T\u00e9l\u00e9charger le catalogue<\/a><br>&#8212;&#8212;&#8212;&#8212;&#8212;&#8212;&#8212;&#8212;&#8212;&#8212;&#8212;&#8212;&#8212;&#8212;&#8212;&#8212;&#8212;&#8212;<br><strong>\u00ab\u00a04\u00b0 \u00e9dition &#8211; support \/ mati\u00e8re\u00a0\u00bb 2011<\/strong><\/p>\n\n\n\n<figure class=\"wp-block-image size-full is-resized\"><img loading=\"lazy\" decoding=\"async\" width=\"43\" height=\"43\" src=\"https:\/\/arteva.org\/wp-content\/uploads\/2024\/11\/exposition-arteva-arts-papier-mini.jpg\" alt=\"\" class=\"wp-image-135\" style=\"width:61px;height:auto\"\/><\/figure>\n\n\n\n<p><a href=\"https:\/\/arteva.org\/wp-content\/uploads\/2024\/11\/exposition-arteva-arts-papier-big.jpg\">T\u00e9l\u00e9charger le catalogue<\/a><br>&#8212;&#8212;&#8212;&#8212;&#8212;&#8212;&#8212;&#8212;&#8212;&#8212;&#8212;&#8212;&#8212;&#8212;&#8212;&#8212;&#8212;&#8212;<br><strong>\u00ab\u00a03\u00b0 \u00e9dition &#8211; support \/ mati\u00e8re\u00a0\u00bb 2009<\/strong><\/p>\n\n\n\n<figure class=\"wp-block-image size-full is-resized\"><img loading=\"lazy\" decoding=\"async\" width=\"55\" height=\"85\" src=\"https:\/\/arteva.org\/wp-content\/uploads\/2024\/11\/arts-papier-2010-big-1.jpg\" alt=\"\" class=\"wp-image-115\" style=\"width:61px;height:auto\"\/><\/figure>\n\n\n\n<p><a href=\"https:\/\/arteva.org\/wp-content\/uploads\/2024\/11\/Catalogue-arts-papiers-2009.pdf\">T\u00e9l\u00e9charger le catalogue<\/a><br>&#8212;&#8212;&#8212;&#8212;&#8212;&#8212;&#8212;&#8212;&#8212;&#8212;&#8212;&#8212;&#8212;&#8212;&#8212;&#8212;&#8212;&#8212;<br><strong>\u00ab\u00a02\u00b0 \u00e9dition &#8211; support \/ mati\u00e8re\u00a0\u00bb 2008<\/strong><\/p>\n\n\n\n<figure class=\"wp-block-image size-full is-resized\"><img loading=\"lazy\" decoding=\"async\" width=\"55\" height=\"85\" src=\"https:\/\/arteva.org\/wp-content\/uploads\/2024\/11\/arts-papier-2008-big-1.jpg\" alt=\"\" class=\"wp-image-113\" style=\"width:61px;height:auto\"\/><figcaption class=\"wp-element-caption\">&#8211;<\/figcaption><\/figure>\n\n\n\n<p><a href=\"https:\/\/arteva.org\/wp-content\/uploads\/2024\/11\/Catalogue-arts-papiers-2008.pdf\">T\u00e9l\u00e9charger le catalogue<\/a><br>&#8212;&#8212;&#8212;&#8212;&#8212;&#8212;&#8212;&#8212;&#8212;&#8212;&#8212;&#8212;&#8212;&#8212;&#8212;&#8212;&#8212;&#8212;<br><strong>\u00ab\u00a01\u00b0 \u00e9dition &#8211; support \/ mati\u00e8re\u00a0\u00bb 2007<\/strong><\/p>\n\n\n\n<figure class=\"wp-block-image size-full is-resized\"><img loading=\"lazy\" decoding=\"async\" width=\"55\" height=\"85\" src=\"https:\/\/arteva.org\/wp-content\/uploads\/2024\/11\/arts-papier-2007-1.jpg\" alt=\"\" class=\"wp-image-112\" style=\"width:61px;height:auto\"\/><\/figure>\n\n\n\n<p><a href=\"https:\/\/arteva.org\/wp-content\/uploads\/2024\/11\/Catalogue-arts-papiers-2007.pdf\">T\u00e9l\u00e9charger le catalogue<\/a><br>&#8212;&#8212;&#8212;&#8212;&#8212;&#8212;&#8212;&#8212;&#8212;&#8212;&#8212;&#8212;&#8212;&#8212;&#8212;&#8212;&#8212;&#8212;<br><strong>\u00ab\u00a0Les Arts Papier \u00ab\u00a0<\/strong><\/p>\n\n\n\n<p><\/p>\n","protected":false},"excerpt":{"rendered":"<p>La pratique du papier ouvre une plage \u00e9tendue et vari\u00e9e \u00e0 l&rsquo;originalit\u00e9 artistique&#8230; &#8230; relais id\u00e9al \u00e0 la transmission des sensibilit\u00e9s artistiques contemporaines&#8212;&#8212;&#8212;&#8212;&#8212;&#8212;&#8212;&#8212;&#8212;&#8212;&#8212;&#8212;&#8212;&#8212;&#8212;&#8212;&#8212;&#8212;\u00ab\u00a0Les Arts Papier 2023\u00a0\u00bb Du jeudi 20 au dimanche 23 avril 2023- T\u00e9l\u00e9charger le catalogue&#8212;&#8212;&#8212;&#8212;&#8212;&#8212;&#8212;&#8212;&#8212;&#8212;&#8212;&#8212;&#8212;&#8212;&#8212;&#8212;&#8212;&#8212;\u00ab\u00a0Les Arts Papier 2018, retour et suite\u00a0\u00bb T\u00e9l\u00e9charger le catalogue&#8212;&#8212;&#8212;&#8212;&#8212;&#8212;&#8212;&#8212;&#8212;&#8212;&#8212;&#8212;&#8212;&#8212;&#8212;&#8212;&#8212;&#8212;\u00ab\u00a0Les Arts Papier 2016\u00a0\u00bb T\u00e9l\u00e9charger le catalogue&#8212;&#8212;&#8212;&#8212;&#8212;&#8212;&#8212;&#8212;&#8212;&#8212;&#8212;&#8212;&#8212;&#8212;&#8212;&#8212;&#8212;&#8212;\u00ab\u00a0Les Arts Papier 2015\u00a0\u00bb [&hellip;]<\/p>\n","protected":false},"author":1,"featured_media":0,"parent":0,"menu_order":0,"comment_status":"closed","ping_status":"closed","template":"","meta":{"footnotes":""},"class_list":["post-51","page","type-page","status-publish","hentry"],"yoast_head":"<!-- This site is optimized with the Yoast SEO plugin v27.1.1 - https:\/\/yoast.com\/product\/yoast-seo-wordpress\/ -->\n<title>Les Arts Papier - ARTEVA<\/title>\n<meta name=\"description\" content=\"La pratique du papier ouvre une plage \u00e9tendue et vari\u00e9e \u00e0 l\u2019originalit\u00e9 artistique\u2026 relais id\u00e9al \u00e0 la transmission\" \/>\n<meta name=\"robots\" content=\"index, follow, max-snippet:-1, max-image-preview:large, max-video-preview:-1\" \/>\n<link rel=\"canonical\" href=\"https:\/\/arteva.org\/index.php\/les-arts-papiers\/\" \/>\n<meta property=\"og:locale\" content=\"fr_FR\" \/>\n<meta property=\"og:type\" content=\"article\" \/>\n<meta property=\"og:title\" content=\"Les Arts Papier - ARTEVA\" \/>\n<meta property=\"og:description\" content=\"La pratique du papier ouvre une plage \u00e9tendue et vari\u00e9e \u00e0 l\u2019originalit\u00e9 artistique\u2026 relais id\u00e9al \u00e0 la transmission\" \/>\n<meta property=\"og:url\" content=\"https:\/\/arteva.org\/index.php\/les-arts-papiers\/\" \/>\n<meta property=\"og:site_name\" content=\"ARTEVA\" \/>\n<meta property=\"article:modified_time\" content=\"2025-01-23T06:58:02+00:00\" \/>\n<meta property=\"og:image\" content=\"http:\/\/arteva.org\/wp-content\/uploads\/2024\/11\/exposition-arteva-arts-papier-mini.jpg\" \/>\n<meta name=\"twitter:card\" content=\"summary_large_image\" \/>\n<meta name=\"twitter:label1\" content=\"Dur\u00e9e de lecture estim\u00e9e\" \/>\n\t<meta name=\"twitter:data1\" content=\"3 minutes\" \/>\n<script type=\"application\/ld+json\" class=\"yoast-schema-graph\">{\"@context\":\"https:\/\/schema.org\",\"@graph\":[{\"@type\":\"WebPage\",\"@id\":\"https:\/\/arteva.org\/index.php\/les-arts-papiers\/\",\"url\":\"https:\/\/arteva.org\/index.php\/les-arts-papiers\/\",\"name\":\"Les Arts Papier - ARTEVA\",\"isPartOf\":{\"@id\":\"https:\/\/arteva.org\/#website\"},\"primaryImageOfPage\":{\"@id\":\"https:\/\/arteva.org\/index.php\/les-arts-papiers\/#primaryimage\"},\"image\":{\"@id\":\"https:\/\/arteva.org\/index.php\/les-arts-papiers\/#primaryimage\"},\"thumbnailUrl\":\"http:\/\/arteva.org\/wp-content\/uploads\/2024\/11\/exposition-arteva-arts-papier-mini.jpg\",\"datePublished\":\"2024-11-26T14:17:31+00:00\",\"dateModified\":\"2025-01-23T06:58:02+00:00\",\"description\":\"La pratique du papier ouvre une plage \u00e9tendue et vari\u00e9e \u00e0 l\u2019originalit\u00e9 artistique\u2026 relais id\u00e9al \u00e0 la transmission\",\"breadcrumb\":{\"@id\":\"https:\/\/arteva.org\/index.php\/les-arts-papiers\/#breadcrumb\"},\"inLanguage\":\"fr-FR\",\"potentialAction\":[{\"@type\":\"ReadAction\",\"target\":[\"https:\/\/arteva.org\/index.php\/les-arts-papiers\/\"]}]},{\"@type\":\"ImageObject\",\"inLanguage\":\"fr-FR\",\"@id\":\"https:\/\/arteva.org\/index.php\/les-arts-papiers\/#primaryimage\",\"url\":\"https:\/\/arteva.org\/wp-content\/uploads\/2024\/11\/exposition-arteva-arts-papier-mini.jpg\",\"contentUrl\":\"https:\/\/arteva.org\/wp-content\/uploads\/2024\/11\/exposition-arteva-arts-papier-mini.jpg\",\"width\":43,\"height\":43},{\"@type\":\"BreadcrumbList\",\"@id\":\"https:\/\/arteva.org\/index.php\/les-arts-papiers\/#breadcrumb\",\"itemListElement\":[{\"@type\":\"ListItem\",\"position\":1,\"name\":\"Accueil\",\"item\":\"https:\/\/arteva.org\/\"},{\"@type\":\"ListItem\",\"position\":2,\"name\":\"Les Arts Papier\"}]},{\"@type\":\"WebSite\",\"@id\":\"https:\/\/arteva.org\/#website\",\"url\":\"https:\/\/arteva.org\/\",\"name\":\"ARTEVA\",\"description\":\"Bienvenue sur le site ARTEVA : cr\u00e9ateur d&#039;\u00e9v\u00e9nements artistiques\",\"publisher\":{\"@id\":\"https:\/\/arteva.org\/#organization\"},\"potentialAction\":[{\"@type\":\"SearchAction\",\"target\":{\"@type\":\"EntryPoint\",\"urlTemplate\":\"https:\/\/arteva.org\/?s={search_term_string}\"},\"query-input\":{\"@type\":\"PropertyValueSpecification\",\"valueRequired\":true,\"valueName\":\"search_term_string\"}}],\"inLanguage\":\"fr-FR\"},{\"@type\":\"Organization\",\"@id\":\"https:\/\/arteva.org\/#organization\",\"name\":\"ARTEVA\",\"url\":\"https:\/\/arteva.org\/\",\"logo\":{\"@type\":\"ImageObject\",\"inLanguage\":\"fr-FR\",\"@id\":\"https:\/\/arteva.org\/#\/schema\/logo\/image\/\",\"url\":\"http:\/\/arteva.org\/wp-content\/uploads\/2024\/11\/event_arteva.gif\",\"contentUrl\":\"http:\/\/arteva.org\/wp-content\/uploads\/2024\/11\/event_arteva.gif\",\"width\":83,\"height\":20,\"caption\":\"ARTEVA\"},\"image\":{\"@id\":\"https:\/\/arteva.org\/#\/schema\/logo\/image\/\"}}]}<\/script>\n<!-- \/ Yoast SEO plugin. -->","yoast_head_json":{"title":"Les Arts Papier - ARTEVA","description":"La pratique du papier ouvre une plage \u00e9tendue et vari\u00e9e \u00e0 l\u2019originalit\u00e9 artistique\u2026 relais id\u00e9al \u00e0 la transmission","robots":{"index":"index","follow":"follow","max-snippet":"max-snippet:-1","max-image-preview":"max-image-preview:large","max-video-preview":"max-video-preview:-1"},"canonical":"https:\/\/arteva.org\/index.php\/les-arts-papiers\/","og_locale":"fr_FR","og_type":"article","og_title":"Les Arts Papier - ARTEVA","og_description":"La pratique du papier ouvre une plage \u00e9tendue et vari\u00e9e \u00e0 l\u2019originalit\u00e9 artistique\u2026 relais id\u00e9al \u00e0 la transmission","og_url":"https:\/\/arteva.org\/index.php\/les-arts-papiers\/","og_site_name":"ARTEVA","article_modified_time":"2025-01-23T06:58:02+00:00","og_image":[{"url":"http:\/\/arteva.org\/wp-content\/uploads\/2024\/11\/exposition-arteva-arts-papier-mini.jpg","type":"","width":"","height":""}],"twitter_card":"summary_large_image","twitter_misc":{"Dur\u00e9e de lecture estim\u00e9e":"3 minutes"},"schema":{"@context":"https:\/\/schema.org","@graph":[{"@type":"WebPage","@id":"https:\/\/arteva.org\/index.php\/les-arts-papiers\/","url":"https:\/\/arteva.org\/index.php\/les-arts-papiers\/","name":"Les Arts Papier - ARTEVA","isPartOf":{"@id":"https:\/\/arteva.org\/#website"},"primaryImageOfPage":{"@id":"https:\/\/arteva.org\/index.php\/les-arts-papiers\/#primaryimage"},"image":{"@id":"https:\/\/arteva.org\/index.php\/les-arts-papiers\/#primaryimage"},"thumbnailUrl":"http:\/\/arteva.org\/wp-content\/uploads\/2024\/11\/exposition-arteva-arts-papier-mini.jpg","datePublished":"2024-11-26T14:17:31+00:00","dateModified":"2025-01-23T06:58:02+00:00","description":"La pratique du papier ouvre une plage \u00e9tendue et vari\u00e9e \u00e0 l\u2019originalit\u00e9 artistique\u2026 relais id\u00e9al \u00e0 la transmission","breadcrumb":{"@id":"https:\/\/arteva.org\/index.php\/les-arts-papiers\/#breadcrumb"},"inLanguage":"fr-FR","potentialAction":[{"@type":"ReadAction","target":["https:\/\/arteva.org\/index.php\/les-arts-papiers\/"]}]},{"@type":"ImageObject","inLanguage":"fr-FR","@id":"https:\/\/arteva.org\/index.php\/les-arts-papiers\/#primaryimage","url":"https:\/\/arteva.org\/wp-content\/uploads\/2024\/11\/exposition-arteva-arts-papier-mini.jpg","contentUrl":"https:\/\/arteva.org\/wp-content\/uploads\/2024\/11\/exposition-arteva-arts-papier-mini.jpg","width":43,"height":43},{"@type":"BreadcrumbList","@id":"https:\/\/arteva.org\/index.php\/les-arts-papiers\/#breadcrumb","itemListElement":[{"@type":"ListItem","position":1,"name":"Accueil","item":"https:\/\/arteva.org\/"},{"@type":"ListItem","position":2,"name":"Les Arts Papier"}]},{"@type":"WebSite","@id":"https:\/\/arteva.org\/#website","url":"https:\/\/arteva.org\/","name":"ARTEVA","description":"Bienvenue sur le site ARTEVA : cr\u00e9ateur d&#039;\u00e9v\u00e9nements artistiques","publisher":{"@id":"https:\/\/arteva.org\/#organization"},"potentialAction":[{"@type":"SearchAction","target":{"@type":"EntryPoint","urlTemplate":"https:\/\/arteva.org\/?s={search_term_string}"},"query-input":{"@type":"PropertyValueSpecification","valueRequired":true,"valueName":"search_term_string"}}],"inLanguage":"fr-FR"},{"@type":"Organization","@id":"https:\/\/arteva.org\/#organization","name":"ARTEVA","url":"https:\/\/arteva.org\/","logo":{"@type":"ImageObject","inLanguage":"fr-FR","@id":"https:\/\/arteva.org\/#\/schema\/logo\/image\/","url":"http:\/\/arteva.org\/wp-content\/uploads\/2024\/11\/event_arteva.gif","contentUrl":"http:\/\/arteva.org\/wp-content\/uploads\/2024\/11\/event_arteva.gif","width":83,"height":20,"caption":"ARTEVA"},"image":{"@id":"https:\/\/arteva.org\/#\/schema\/logo\/image\/"}}]}},"_links":{"self":[{"href":"https:\/\/arteva.org\/index.php\/wp-json\/wp\/v2\/pages\/51","targetHints":{"allow":["GET"]}}],"collection":[{"href":"https:\/\/arteva.org\/index.php\/wp-json\/wp\/v2\/pages"}],"about":[{"href":"https:\/\/arteva.org\/index.php\/wp-json\/wp\/v2\/types\/page"}],"author":[{"embeddable":true,"href":"https:\/\/arteva.org\/index.php\/wp-json\/wp\/v2\/users\/1"}],"replies":[{"embeddable":true,"href":"https:\/\/arteva.org\/index.php\/wp-json\/wp\/v2\/comments?post=51"}],"version-history":[{"count":31,"href":"https:\/\/arteva.org\/index.php\/wp-json\/wp\/v2\/pages\/51\/revisions"}],"predecessor-version":[{"id":278,"href":"https:\/\/arteva.org\/index.php\/wp-json\/wp\/v2\/pages\/51\/revisions\/278"}],"wp:attachment":[{"href":"https:\/\/arteva.org\/index.php\/wp-json\/wp\/v2\/media?parent=51"}],"curies":[{"name":"wp","href":"https:\/\/api.w.org\/{rel}","templated":true}]}}